{"id":3045,"date":"2024-06-25T17:17:44","date_gmt":"2024-06-25T15:17:44","guid":{"rendered":"https:\/\/belgique.diplomatie.gov.bf\/?page_id=3045"},"modified":"2024-12-13T14:34:15","modified_gmt":"2024-12-13T13:34:15","slug":"la-juridiction","status":"publish","type":"page","link":"https:\/\/belgique.diplomatie.gov.bf\/index.php\/la-juridiction\/","title":{"rendered":"La Juridiction"},"content":{"rendered":"\t\t<div data-elementor-type=\"wp-page\" data-elementor-id=\"3045\" class=\"elementor elementor-3045\" data-elementor-post-type=\"page\">\n\t\t\t\t<div data-particle_enable=\"false\" data-particle-mobile-disabled=\"false\" class=\"elementor-element elementor-element-9c9866b e-flex e-con-boxed e-con e-parent\" data-id=\"9c9866b\" data-element_type=\"container\" data-e-type=\"container\" data-settings=\"{&quot;background_background&quot;:&quot;classic&quot;}\">\n\t\t\t\t\t<div class=\"e-con-inner\">\n\t\t<div data-particle_enable=\"false\" data-particle-mobile-disabled=\"false\" class=\"elementor-element elementor-element-4af36d4 e-con-full e-flex e-con e-child\" data-id=\"4af36d4\" data-element_type=\"container\" data-e-type=\"container\">\n\t\t\t\t<div class=\"elementor-element elementor-element-22d4e3f elementor-widget elementor-widget-image\" data-id=\"22d4e3f\" data-element_type=\"widget\" data-e-type=\"widget\" data-widget_type=\"image.default\">\n\t\t\t\t<div class=\"elementor-widget-container\">\n\t\t\t\t\t\t\t\t\t\t\t\t\t\t\t<img decoding=\"async\" width=\"300\" height=\"111\" src=\"https:\/\/belgique.diplomatie.gov.bf\/wp-content\/uploads\/sites\/51\/2024\/12\/Bruxelles-au-Royaume-de-Belgique.png\" class=\"attachment-medium size-medium wp-image-5337\" alt=\"\" \/>\t\t\t\t\t\t\t\t\t\t\t\t\t\t\t<\/div>\n\t\t\t\t<\/div>\n\t\t\t\t<\/div>\n\t\t<div data-particle_enable=\"false\" data-particle-mobile-disabled=\"false\" class=\"elementor-element elementor-element-aaf44b5 e-con-full e-flex e-con e-child\" data-id=\"aaf44b5\" data-element_type=\"container\" data-e-type=\"container\">\n\t\t\t\t<div class=\"elementor-element elementor-element-5b0d082 elementor-widget__width-initial elementor-widget elementor-widget-heading\" data-id=\"5b0d082\" data-element_type=\"widget\" data-e-type=\"widget\" data-widget_type=\"heading.default\">\n\t\t\t\t<div class=\"elementor-widget-container\">\n\t\t\t\t\t<p class=\"elementor-heading-title elementor-size-default\">L'Ambassade, Mission Permanente du Burkina Faso \u00e0 Bruxelles au Royaume de Belgique a comp\u00e9tence sur les pays suivants : <\/p>\t\t\t\t<\/div>\n\t\t\t\t<\/div>\n\t\t\t\t<div class=\"elementor-element elementor-element-5aac9e6 elementor-widget elementor-widget-iconlist\" data-id=\"5aac9e6\" data-element_type=\"widget\" data-e-type=\"widget\" data-widget_type=\"iconlist.default\">\n\t\t\t\t<div class=\"elementor-widget-container\">\n\t\t\t\t\t\r\n        \r\n            <div class=\"about__list-box\">\r\n                <ul class=\"list-wrap\">\r\n                                            <li>\r\n                                                            <i aria-hidden=\"true\" class=\"flaticon-arrow-button\"><\/i>                                                        Le Royaume de Belgique                        <\/li>\r\n                                            <li>\r\n                                                            <i aria-hidden=\"true\" class=\"flaticon-arrow-button\"><\/i>                                                        Le Royaume des Pays-Bas                        <\/li>\r\n                                            <li>\r\n                                                            <i aria-hidden=\"true\" class=\"flaticon-arrow-button\"><\/i>                                                        Le Royaume Uni de Grande-Bretagne et Irlande du Nord                        <\/li>\r\n                                            <li>\r\n                                                            <i aria-hidden=\"true\" class=\"flaticon-arrow-button\"><\/i>                                                        Le Grand-Duch\u00e9 de Luxembourg                        <\/li>\r\n                                            <li>\r\n                                                            <i aria-hidden=\"true\" class=\"flaticon-arrow-button\"><\/i>                                                        La R\u00e9publique d'Irlande                        <\/li>\r\n                                            <li>\r\n                                                            <i aria-hidden=\"true\" class=\"flaticon-arrow-button\"><\/i>                                                        L'Etat d'Isra\u00ebl                        <\/li>\r\n                                            <li>\r\n                                                            <i aria-hidden=\"true\" class=\"flaticon-arrow-button\"><\/i>                                                        L'union Europ\u00e9enne                        <\/li>\r\n                                            <li>\r\n                                                            <i aria-hidden=\"true\" class=\"flaticon-arrow-button\"><\/i>                                                        L'Organisation Mondiale des Douanes (OMD)                        <\/li>\r\n                                            <li>\r\n                                                            <i aria-hidden=\"true\" class=\"flaticon-arrow-button\"><\/i>                                                        L'Organisation pour l'Interdiction des Armes Chimiques (OIAC)                        <\/li>\r\n                                            <li>\r\n                                                            <i aria-hidden=\"true\" class=\"flaticon-arrow-button\"><\/i>                                                        L'Organisation des Etats d'Afrique, des Cara\u00efbes et du Pacifique (OEACP)                        <\/li>\r\n                                            <li>\r\n                                                            <i aria-hidden=\"true\" class=\"flaticon-arrow-button\"><\/i>                                                        La Cour P\u00e9nale Internationale (CPI)                        <\/li>\r\n                                            <li>\r\n                                                            <i aria-hidden=\"true\" class=\"flaticon-arrow-button\"><\/i>                                                        La Cour Internationale de Justice (CIJ)                        <\/li>\r\n                                            <li>\r\n                                                            <i aria-hidden=\"true\" class=\"flaticon-arrow-button\"><\/i>                                                        La Cour Permanente d'Arbitrage et Conciliation (CPA)                        <\/li>\r\n                                    <\/ul>\r\n            <\/div>\r\n\r\n        \r\n\r\n\t\t\t\t<\/div>\n\t\t\t\t<\/div>\n\t\t\t\t<\/div>\n\t\t\t\t\t<\/div>\n\t\t\t\t<\/div>\n\t\t\t\t<\/div>\n\t\t","protected":false},"excerpt":{"rendered":"<p>L&rsquo;Ambassade, Mission Permanente du Burkina Faso \u00e0 Bruxelles au Royaume de Belgique a comp\u00e9tence sur les pays suivants : Le Royaume de Belgique Le Royaume des Pays-Bas Le Royaume Uni de Grande-Bretagne et Irlande du Nord Le Grand-Duch\u00e9 de Luxembourg La R\u00e9publique d&rsquo;Irlande L&rsquo;Etat d&rsquo;Isra\u00ebl L&rsquo;union Europ\u00e9enne L&rsquo;Organisation Mondiale des Douanes (OMD) L&rsquo;Organisation pour l&rsquo;Interdiction [&hellip;]<\/p>\n","protected":false},"author":4,"featured_media":0,"parent":0,"menu_order":0,"comment_status":"closed","ping_status":"closed","template":"","meta":{"_acf_changed":false,"_monsterinsights_skip_tracking":false,"_monsterinsights_sitenote_active":false,"_monsterinsights_sitenote_note":"","_monsterinsights_sitenote_category":0,"footnotes":""},"class_list":["post-3045","page","type-page","status-publish","hentry"],"acf":[],"_links":{"self":[{"href":"https:\/\/belgique.diplomatie.gov.bf\/index.php\/wp-json\/wp\/v2\/pages\/3045","targetHints":{"allow":["GET"]}}],"collection":[{"href":"https:\/\/belgique.diplomatie.gov.bf\/index.php\/wp-json\/wp\/v2\/pages"}],"about":[{"href":"https:\/\/belgique.diplomatie.gov.bf\/index.php\/wp-json\/wp\/v2\/types\/page"}],"author":[{"embeddable":true,"href":"https:\/\/belgique.diplomatie.gov.bf\/index.php\/wp-json\/wp\/v2\/users\/4"}],"replies":[{"embeddable":true,"href":"https:\/\/belgique.diplomatie.gov.bf\/index.php\/wp-json\/wp\/v2\/comments?post=3045"}],"version-history":[{"count":68,"href":"https:\/\/belgique.diplomatie.gov.bf\/index.php\/wp-json\/wp\/v2\/pages\/3045\/revisions"}],"predecessor-version":[{"id":5447,"href":"https:\/\/belgique.diplomatie.gov.bf\/index.php\/wp-json\/wp\/v2\/pages\/3045\/revisions\/5447"}],"wp:attachment":[{"href":"https:\/\/belgique.diplomatie.gov.bf\/index.php\/wp-json\/wp\/v2\/media?parent=3045"}],"curies":[{"name":"wp","href":"https:\/\/api.w.org\/{rel}","templated":true}]}}